{"id":220,"date":"2014-05-01T21:55:44","date_gmt":"2014-05-01T20:55:44","guid":{"rendered":"http:\/\/rivobruenti.fr\/?page_id=220"},"modified":"2025-03-30T19:26:31","modified_gmt":"2025-03-30T18:26:31","slug":"cabane","status":"publish","type":"page","link":"http:\/\/rivobruenti.fr\/?page_id=220","title":{"rendered":"Cabane"},"content":{"rendered":"<h3><a href=\"http:\/\/rivobruenti.fr\/wp-content\/uploads\/2013\/02\/6.jpg\"><img loading=\"lazy\" decoding=\"async\" class=\"alignnone size-large wp-image-235\" src=\"http:\/\/rivobruenti.fr\/wp-content\/uploads\/2013\/02\/6-1024x681.jpg\" alt=\"6\" width=\"660\" height=\"438\" srcset=\"http:\/\/rivobruenti.fr\/wp-content\/uploads\/2013\/02\/6-1024x681.jpg 1024w, http:\/\/rivobruenti.fr\/wp-content\/uploads\/2013\/02\/6-300x199.jpg 300w, http:\/\/rivobruenti.fr\/wp-content\/uploads\/2013\/02\/6-700x466.jpg 700w, http:\/\/rivobruenti.fr\/wp-content\/uploads\/2013\/02\/6-332x221.jpg 332w, http:\/\/rivobruenti.fr\/wp-content\/uploads\/2013\/02\/6.jpg 1134w\" sizes=\"auto, (max-width: 660px) 100vw, 660px\" \/><\/a><\/h3>\n<p>La Cabane<\/p>\n<p>Nous sommes ravis de vous pr\u00e9senter la petite nouvelle: la cabane perch\u00e9e! Un v\u00e9ritable petit nid douillet qui vous accueillera en famille ou en amoureux pour un s\u00e9jour de r\u00eave en pleine nature. Laissez vos r\u00eaves d&rsquo;enfant devenir r\u00e9alit\u00e9 et venez\u00a0passer une nuit en hauteur, au coeur de nos douces montagnes qui sauront vous charmer!<\/p>\n<address>Les lits doubles superpos\u00e9s, fabriqu\u00e9s sur place \u00e0 l&rsquo;aide des fr\u00eanes entourant la cabane<br \/>\n<a href=\"http:\/\/rivobruenti.fr\/wp-content\/uploads\/2014\/05\/cabane011.jpg\"><img loading=\"lazy\" decoding=\"async\" class=\"alignnone  wp-image-245\" src=\"http:\/\/rivobruenti.fr\/wp-content\/uploads\/2014\/05\/cabane011.jpg\" alt=\"cabane01\" width=\"308\" height=\"458\" \/><\/a><a href=\"http:\/\/rivobruenti.fr\/wp-content\/uploads\/2014\/05\/cabane07.jpg\"><img loading=\"lazy\" decoding=\"async\" class=\"alignnone  wp-image-244\" src=\"http:\/\/rivobruenti.fr\/wp-content\/uploads\/2014\/05\/cabane07.jpg\" alt=\"cabane07\" width=\"309\" height=\"461\" \/><\/a><\/address>\n<address>\u00a0<\/address>\n<address>La table \u00e0 manger et le canap\u00e9 pouvant se convertir en lit pour accueillir une 5\u00e8me personne<br \/>\n<a href=\"http:\/\/rivobruenti.fr\/wp-content\/uploads\/2013\/02\/cabane02.jpg\"><img loading=\"lazy\" decoding=\"async\" class=\"alignnone  wp-image-238\" src=\"http:\/\/rivobruenti.fr\/wp-content\/uploads\/2013\/02\/cabane04.jpg\" alt=\"cabane04\" width=\"310\" height=\"462\" \/><img loading=\"lazy\" decoding=\"async\" class=\"alignnone  wp-image-236\" src=\"http:\/\/rivobruenti.fr\/wp-content\/uploads\/2013\/02\/cabane02.jpg\" alt=\"cabane02\" width=\"312\" height=\"464\" \/><\/a><\/address>\n<address>\u00a0<\/address>\n<address>Une ambiance tr\u00e8s \u00ab\u00a0cosy\u00a0\u00bb&#8230;<br \/>\n<a href=\"http:\/\/rivobruenti.fr\/wp-content\/uploads\/2013\/02\/cabane03.jpg\"><img loading=\"lazy\" decoding=\"async\" class=\"alignnone  wp-image-237\" src=\"http:\/\/rivobruenti.fr\/wp-content\/uploads\/2013\/02\/cabane03.jpg\" alt=\"cabane03\" width=\"633\" height=\"425\" \/><\/a><\/address>\n<address>\u00a0<span style=\"font-weight: 600; font-style: normal;\">Tarifs:\u00a0\u00a086\u20ac<\/span><span style=\"font-style: normal;\">\u00a0la nuit pour 2 personnes,<\/span><span style=\"font-weight: 600; font-style: normal;\"> 18\u20ac<\/span><span style=\"font-style: normal;\">\u00a0par personne suppl\u00e9mentaire<\/span><br \/>\n<span style=\"font-weight: 600; font-style: normal;\">Petit-d\u00e9jeuner compris<\/span><\/address>\n<address>\u00a0<\/address>\n<address>Les \u00e9tapes de la construction&#8230;<\/address>\n<address>\u00a0<a href=\"http:\/\/rivobruenti.fr\/wp-content\/uploads\/2014\/05\/S6000631.jpg\"><img loading=\"lazy\" decoding=\"async\" class=\"alignnone size-medium wp-image-222\" src=\"http:\/\/rivobruenti.fr\/wp-content\/uploads\/2014\/05\/S6000631-300x225.jpg\" alt=\"\" width=\"300\" height=\"225\" srcset=\"http:\/\/rivobruenti.fr\/wp-content\/uploads\/2014\/05\/S6000631-300x225.jpg 300w, http:\/\/rivobruenti.fr\/wp-content\/uploads\/2014\/05\/S6000631-1024x768.jpg 1024w, http:\/\/rivobruenti.fr\/wp-content\/uploads\/2014\/05\/S6000631-700x525.jpg 700w, http:\/\/rivobruenti.fr\/wp-content\/uploads\/2014\/05\/S6000631-332x249.jpg 332w, http:\/\/rivobruenti.fr\/wp-content\/uploads\/2014\/05\/S6000631.jpg 1512w\" sizes=\"auto, (max-width: 300px) 100vw, 300px\" \/><\/a><a href=\"http:\/\/rivobruenti.fr\/wp-content\/uploads\/2014\/05\/S6000621.jpg\"><img loading=\"lazy\" decoding=\"async\" class=\"alignnone size-medium wp-image-221\" src=\"http:\/\/rivobruenti.fr\/wp-content\/uploads\/2014\/05\/S6000621-300x225.jpg\" alt=\"\" width=\"300\" height=\"225\" srcset=\"http:\/\/rivobruenti.fr\/wp-content\/uploads\/2014\/05\/S6000621-300x225.jpg 300w, http:\/\/rivobruenti.fr\/wp-content\/uploads\/2014\/05\/S6000621-1024x768.jpg 1024w, http:\/\/rivobruenti.fr\/wp-content\/uploads\/2014\/05\/S6000621-700x525.jpg 700w, http:\/\/rivobruenti.fr\/wp-content\/uploads\/2014\/05\/S6000621-332x249.jpg 332w, http:\/\/rivobruenti.fr\/wp-content\/uploads\/2014\/05\/S6000621.jpg 1512w\" sizes=\"auto, (max-width: 300px) 100vw, 300px\" \/><\/a><\/address>\n<address><a href=\"http:\/\/rivobruenti.fr\/wp-content\/uploads\/2014\/05\/S6000634.jpg\"><img loading=\"lazy\" decoding=\"async\" class=\"alignnone size-medium wp-image-223\" src=\"http:\/\/rivobruenti.fr\/wp-content\/uploads\/2014\/05\/S6000634-300x225.jpg\" alt=\"\" width=\"300\" height=\"225\" srcset=\"http:\/\/rivobruenti.fr\/wp-content\/uploads\/2014\/05\/S6000634-300x225.jpg 300w, http:\/\/rivobruenti.fr\/wp-content\/uploads\/2014\/05\/S6000634-1024x768.jpg 1024w, http:\/\/rivobruenti.fr\/wp-content\/uploads\/2014\/05\/S6000634-700x525.jpg 700w, http:\/\/rivobruenti.fr\/wp-content\/uploads\/2014\/05\/S6000634-332x249.jpg 332w, http:\/\/rivobruenti.fr\/wp-content\/uploads\/2014\/05\/S6000634.jpg 1512w\" sizes=\"auto, (max-width: 300px) 100vw, 300px\" \/><\/a><a href=\"http:\/\/rivobruenti.fr\/wp-content\/uploads\/2014\/05\/S6000636.jpg\"><img loading=\"lazy\" decoding=\"async\" class=\"alignnone size-medium wp-image-224\" src=\"http:\/\/rivobruenti.fr\/wp-content\/uploads\/2014\/05\/S6000636-300x225.jpg\" alt=\"\" width=\"300\" height=\"225\" srcset=\"http:\/\/rivobruenti.fr\/wp-content\/uploads\/2014\/05\/S6000636-300x225.jpg 300w, http:\/\/rivobruenti.fr\/wp-content\/uploads\/2014\/05\/S6000636-1024x768.jpg 1024w, http:\/\/rivobruenti.fr\/wp-content\/uploads\/2014\/05\/S6000636-700x525.jpg 700w, http:\/\/rivobruenti.fr\/wp-content\/uploads\/2014\/05\/S6000636-332x249.jpg 332w, http:\/\/rivobruenti.fr\/wp-content\/uploads\/2014\/05\/S6000636.jpg 1512w\" sizes=\"auto, (max-width: 300px) 100vw, 300px\" \/><\/a><\/address>\n<address>\u00a0<\/address>\n","protected":false},"excerpt":{"rendered":"<p>La Cabane Nous sommes ravis de vous pr\u00e9senter la petite nouvelle: la cabane perch\u00e9e! Un v\u00e9ritable petit nid douillet qui vous accueillera en famille ou en amoureux pour un s\u00e9jour de r\u00eave en pleine nature. Laissez vos r\u00eaves d&rsquo;enfant devenir r\u00e9alit\u00e9 et venez\u00a0passer une nuit en hauteur, au coeur de &#8230;<\/p>\n","protected":false},"author":1,"featured_media":0,"parent":37,"menu_order":0,"comment_status":"closed","ping_status":"open","template":"","meta":{"footnotes":""},"class_list":["post-220","page","type-page","status-publish","hentry","column","twocol"],"_links":{"self":[{"href":"http:\/\/rivobruenti.fr\/index.php?rest_route=\/wp\/v2\/pages\/220","targetHints":{"allow":["GET"]}}],"collection":[{"href":"http:\/\/rivobruenti.fr\/index.php?rest_route=\/wp\/v2\/pages"}],"about":[{"href":"http:\/\/rivobruenti.fr\/index.php?rest_route=\/wp\/v2\/types\/page"}],"author":[{"embeddable":true,"href":"http:\/\/rivobruenti.fr\/index.php?rest_route=\/wp\/v2\/users\/1"}],"replies":[{"embeddable":true,"href":"http:\/\/rivobruenti.fr\/index.php?rest_route=%2Fwp%2Fv2%2Fcomments&post=220"}],"version-history":[{"count":6,"href":"http:\/\/rivobruenti.fr\/index.php?rest_route=\/wp\/v2\/pages\/220\/revisions"}],"predecessor-version":[{"id":301,"href":"http:\/\/rivobruenti.fr\/index.php?rest_route=\/wp\/v2\/pages\/220\/revisions\/301"}],"up":[{"embeddable":true,"href":"http:\/\/rivobruenti.fr\/index.php?rest_route=\/wp\/v2\/pages\/37"}],"wp:attachment":[{"href":"http:\/\/rivobruenti.fr\/index.php?rest_route=%2Fwp%2Fv2%2Fmedia&parent=220"}],"curies":[{"name":"wp","href":"https:\/\/api.w.org\/{rel}","templated":true}]}}