{"id":37,"date":"2013-02-15T16:30:27","date_gmt":"2013-02-15T15:30:27","guid":{"rendered":"http:\/\/rivobruenti.fr\/?page_id=37"},"modified":"2024-04-20T11:10:34","modified_gmt":"2024-04-20T10:10:34","slug":"hebergement","status":"publish","type":"page","link":"http:\/\/rivobruenti.fr\/?page_id=37","title":{"rendered":"H\u00e9bergement"},"content":{"rendered":"<h2>La cabane<\/h2>\n<p>\u00c0 quelques pas du refuge, perch\u00e9e dans les arbres \u00e0 3 m\u00e8tres de hauteur, notre cabane vous accueillera d\u00e8s le mois de juin pour une nuit magique au plus proche de la nature. Ce petit nid pourra h\u00e9berger jusqu&rsquo;\u00e0 5 personnes. Une exp\u00e9rience inoubliable \u00e0 vivre en amoureux ou en famille&#8230;<\/p>\n<p><a href=\"http:\/\/rivobruenti.fr\/wp-content\/uploads\/2013\/02\/cabane03.jpg\"><img loading=\"lazy\" decoding=\"async\" class=\"alignnone wp-image-235 \" src=\"http:\/\/rivobruenti.fr\/wp-content\/uploads\/2013\/02\/6.jpg\" alt=\"\" width=\"309\" height=\"209\" \/><img loading=\"lazy\" decoding=\"async\" class=\"alignnone wp-image-237 \" src=\"http:\/\/rivobruenti.fr\/wp-content\/uploads\/2013\/02\/cabane03-150x150.jpg\" alt=\"\" width=\"206\" height=\"207\" srcset=\"http:\/\/rivobruenti.fr\/wp-content\/uploads\/2013\/02\/cabane03-150x150.jpg 150w, http:\/\/rivobruenti.fr\/wp-content\/uploads\/2013\/02\/cabane03-432x432.jpg 432w, http:\/\/rivobruenti.fr\/wp-content\/uploads\/2013\/02\/cabane03-268x268.jpg 268w\" sizes=\"auto, (max-width: 206px) 100vw, 206px\" \/><\/a><\/p>\n<p><strong>Tarifs:\u00a0\u00a086\u20ac<\/strong> la nuit pour 2 personnes,<strong> 18\u20ac<\/strong> par personne suppl\u00e9mentaire<br \/>\n<strong>Petit-d\u00e9jeuner compris<br \/>\n<\/strong><\/p>\n<p><strong><a href=\"http:\/\/rivobruenti.fr\/?page_id=220\">Plus de photos ici<\/a><\/strong><\/p>\n<h2><\/h2>\n<p>&nbsp;<\/p>\n<h2>La yourte<\/h2>\n<p><a href=\"http:\/\/rivobruenti.fr\/wp-content\/uploads\/2013\/02\/yourte1.jpg\"><img loading=\"lazy\" decoding=\"async\" class=\"alignnone size-medium wp-image-111\" src=\"http:\/\/rivobruenti.fr\/wp-content\/uploads\/2013\/02\/yourte1-224x300.jpg\" alt=\"\" width=\"205\" height=\"270\" \/><\/a><a href=\"http:\/\/rivobruenti.fr\/wp-content\/uploads\/2013\/02\/19-IMG_1619.jpg\"><img loading=\"lazy\" decoding=\"async\" class=\"alignnone size-large wp-image-98\" src=\"http:\/\/rivobruenti.fr\/wp-content\/uploads\/2013\/02\/19-IMG_1619-1024x682.jpg\" alt=\"19-IMG_1619\" width=\"411\" height=\"278\" \/><\/a><\/p>\n<p>\u00c0 quelques minutes \u00e0 pieds du refuge, install\u00e9e dans un petit coin de paradis, la yourte mongole vous offre la possibilit\u00e9 de passer une nuit inoubliable en pleine nature. Ressourcement et d\u00e9paysement garantis dans cette habitation au charme atypique, o\u00f9 vous n&rsquo;entendrez rien d&rsquo;autre que les bruits nocturnes de la montagne&#8230;<\/p>\n<p><strong>Tarifs: \u00a066\u20ac<\/strong> la nuit pour 2 personnes,<strong> 18\u20ac<\/strong> par personne suppl\u00e9mentaire<br \/>\n<strong>Petit-d\u00e9jeuner compris<\/strong><\/p>\n<p>La yourte peut accueillir 4 personnes: 1 lit double et 2 lits simples. Nous pouvons cependant mettre un matelas gonflable au sol pour un enfant suppl\u00e9mentaire.<\/p>\n<p><a href=\"http:\/\/rivobruenti.fr\/?page_id=44\">\u00a0Plus de photos ici<\/a><\/p>\n<p>&nbsp;<\/p>\n<h2>Le dortoir<\/h2>\n<p>Situ\u00e9 \u00e0 l&rsquo;\u00e9tage du refuge, le dortoir enti\u00e8rement r\u00e9nov\u00e9 peut accueillir 15 personnes. Les lits en fr\u00eane, con\u00e7us et fabriqu\u00e9s sur place par nos soins, s&rsquo;int\u00e8grent parfaitement dans le d\u00e9cor rustique et authentique. Lit classique ou lit \u00ab\u00a0cabane\u00a0\u00bb en hauteur, choisissez le lit de vos r\u00eaves!<\/p>\n<p><a href=\"http:\/\/rivobruenti.fr\/wp-content\/uploads\/2013\/02\/dortoir21.jpg\"><img loading=\"lazy\" decoding=\"async\" class=\"alignnone size-medium wp-image-157\" src=\"http:\/\/rivobruenti.fr\/wp-content\/uploads\/2013\/02\/dortoir21-199x300.jpg\" alt=\"dortoir2\" width=\"199\" height=\"300\" srcset=\"http:\/\/rivobruenti.fr\/wp-content\/uploads\/2013\/02\/dortoir21-199x300.jpg 199w, http:\/\/rivobruenti.fr\/wp-content\/uploads\/2013\/02\/dortoir21-682x1024.jpg 682w, http:\/\/rivobruenti.fr\/wp-content\/uploads\/2013\/02\/dortoir21-700x1050.jpg 700w, http:\/\/rivobruenti.fr\/wp-content\/uploads\/2013\/02\/dortoir21-332x498.jpg 332w, http:\/\/rivobruenti.fr\/wp-content\/uploads\/2013\/02\/dortoir21.jpg 850w\" sizes=\"auto, (max-width: 199px) 100vw, 199px\" \/><\/a><a href=\"http:\/\/rivobruenti.fr\/wp-content\/uploads\/2013\/02\/dortoir3.jpg\"><img loading=\"lazy\" decoding=\"async\" class=\"alignnone size-medium wp-image-158\" src=\"http:\/\/rivobruenti.fr\/wp-content\/uploads\/2013\/02\/dortoir3-199x300.jpg\" alt=\"dortoir3\" width=\"199\" height=\"300\" srcset=\"http:\/\/rivobruenti.fr\/wp-content\/uploads\/2013\/02\/dortoir3-199x300.jpg 199w, http:\/\/rivobruenti.fr\/wp-content\/uploads\/2013\/02\/dortoir3-682x1024.jpg 682w, http:\/\/rivobruenti.fr\/wp-content\/uploads\/2013\/02\/dortoir3-700x1050.jpg 700w, http:\/\/rivobruenti.fr\/wp-content\/uploads\/2013\/02\/dortoir3-332x498.jpg 332w, http:\/\/rivobruenti.fr\/wp-content\/uploads\/2013\/02\/dortoir3.jpg 850w\" sizes=\"auto, (max-width: 199px) 100vw, 199px\" \/><\/a><\/p>\n<p><strong>Tarifs:\u00a0<\/strong><strong>18\u20ac<\/strong> par personne la nuit<br \/>\n<strong>Petit-d\u00e9jeuner compris<\/strong><\/p>\n<p><a href=\"http:\/\/rivobruenti.fr\/?page_id=42\">Plus de photos ici<\/a><\/p>\n<p><strong><em>Nous ne fournissons plus les draps et les oreillers. N&rsquo;oubliez pas votre duvet, les nuits sont fra\u00eeches!<\/em><\/strong><\/p>\n","protected":false},"excerpt":{"rendered":"<p>La cabane \u00c0 quelques pas du refuge, perch\u00e9e dans les arbres \u00e0 3 m\u00e8tres de hauteur, notre cabane vous accueillera d\u00e8s le mois de juin pour une nuit magique au plus proche de la nature. Ce petit nid pourra h\u00e9berger jusqu&rsquo;\u00e0 5 personnes. Une exp\u00e9rience inoubliable \u00e0 vivre en amoureux &#8230;<\/p>\n","protected":false},"author":1,"featured_media":0,"parent":0,"menu_order":3,"comment_status":"closed","ping_status":"open","template":"","meta":{"footnotes":""},"class_list":["post-37","page","type-page","status-publish","hentry","column","twocol"],"_links":{"self":[{"href":"http:\/\/rivobruenti.fr\/index.php?rest_route=\/wp\/v2\/pages\/37","targetHints":{"allow":["GET"]}}],"collection":[{"href":"http:\/\/rivobruenti.fr\/index.php?rest_route=\/wp\/v2\/pages"}],"about":[{"href":"http:\/\/rivobruenti.fr\/index.php?rest_route=\/wp\/v2\/types\/page"}],"author":[{"embeddable":true,"href":"http:\/\/rivobruenti.fr\/index.php?rest_route=\/wp\/v2\/users\/1"}],"replies":[{"embeddable":true,"href":"http:\/\/rivobruenti.fr\/index.php?rest_route=%2Fwp%2Fv2%2Fcomments&post=37"}],"version-history":[{"count":22,"href":"http:\/\/rivobruenti.fr\/index.php?rest_route=\/wp\/v2\/pages\/37\/revisions"}],"predecessor-version":[{"id":296,"href":"http:\/\/rivobruenti.fr\/index.php?rest_route=\/wp\/v2\/pages\/37\/revisions\/296"}],"wp:attachment":[{"href":"http:\/\/rivobruenti.fr\/index.php?rest_route=%2Fwp%2Fv2%2Fmedia&parent=37"}],"curies":[{"name":"wp","href":"https:\/\/api.w.org\/{rel}","templated":true}]}}