{"id":39,"date":"2013-02-15T16:34:32","date_gmt":"2013-02-15T15:34:32","guid":{"rendered":"http:\/\/rivobruenti.fr\/?page_id=39"},"modified":"2025-05-11T17:37:19","modified_gmt":"2025-05-11T16:37:19","slug":"restauration","status":"publish","type":"page","link":"http:\/\/rivobruenti.fr\/?page_id=39","title":{"rendered":"Restauration"},"content":{"rendered":"<p>Sur r\u00e9servation, vous pourrez d\u00e9guster notre cuisine familiale et traditionnelle ainsi que nos produits locaux (terrine, p\u00e2t\u00e9, saucisson, fromage&#8230;) Deux formules au choix:<\/p>\n<ul>\n<li><strong>Menu Carcaris : 20\u20ac<\/strong>\n<ul>\n<li style=\"list-style-type: none;\">\n<ul>\n<li><em>Entr\u00e9e, saucisses maison et gratin dauphinois, fromage, dessert<\/em><\/li>\n<\/ul>\n<\/li>\n<\/ul>\n<\/li>\n<\/ul>\n<ul>\n<li><strong>Menu Rivobruenti : 24\u20ac <\/strong>(r\u00e9servation minimum 1 semaine \u00e0 l&rsquo;avance)\n<ul>\n<li><em>deux options possibles : <\/em>\n<ul>\n<li><em>Entr\u00e9e, gigot d&rsquo;agneau de la ferme familiale et gratin dauphinois, fromage, dessert<\/em><\/li>\n<li><em>Entr\u00e9e, cochon de lait de la ferme du Thau et gratin dauphinois, fromage, dessert<\/em><\/li>\n<\/ul>\n<\/li>\n<\/ul>\n<\/li>\n<\/ul>\n<p>Sur place :<\/p>\n<ul>\n<li><strong>Casse-cro\u00fbte: 12\u20ac\u00a0<\/strong> <em>(salade verte, p\u00e2t\u00e9 maison, charcuteries)<\/em><\/li>\n<\/ul>\n<p>Nous vous proposons un large choix de boissons fra\u00eeches, sodas, jus de fruits, sirops, bi\u00e8res&#8230;<\/p>\n<p>Vous pourrez vous restaurer au chaud dans la salle du refuge&#8230;<\/p>\n<p><a href=\"http:\/\/rivobruenti.fr\/wp-content\/uploads\/2013\/02\/15-IMG_1719.jpg\"><img loading=\"lazy\" decoding=\"async\" class=\"alignnone size-medium wp-image-136\" src=\"http:\/\/rivobruenti.fr\/wp-content\/uploads\/2013\/02\/15-IMG_1719-300x200.jpg\" alt=\"15--IMG_1719\" width=\"300\" height=\"200\" srcset=\"http:\/\/rivobruenti.fr\/wp-content\/uploads\/2013\/02\/15-IMG_1719-300x200.jpg 300w, http:\/\/rivobruenti.fr\/wp-content\/uploads\/2013\/02\/15-IMG_1719-1024x682.jpg 1024w, http:\/\/rivobruenti.fr\/wp-content\/uploads\/2013\/02\/15-IMG_1719-700x466.jpg 700w, http:\/\/rivobruenti.fr\/wp-content\/uploads\/2013\/02\/15-IMG_1719-332x221.jpg 332w, http:\/\/rivobruenti.fr\/wp-content\/uploads\/2013\/02\/15-IMG_1719.jpg 1134w\" sizes=\"auto, (max-width: 300px) 100vw, 300px\" \/><\/a><a href=\"http:\/\/rivobruenti.fr\/wp-content\/uploads\/2013\/02\/15-IMG_1730.jpg\"><img loading=\"lazy\" decoding=\"async\" class=\"alignnone size-medium wp-image-139\" src=\"http:\/\/rivobruenti.fr\/wp-content\/uploads\/2013\/02\/15-IMG_1730-300x200.jpg\" alt=\"15---IMG_1730\" width=\"300\" height=\"200\" srcset=\"http:\/\/rivobruenti.fr\/wp-content\/uploads\/2013\/02\/15-IMG_1730-300x200.jpg 300w, http:\/\/rivobruenti.fr\/wp-content\/uploads\/2013\/02\/15-IMG_1730-1024x682.jpg 1024w, http:\/\/rivobruenti.fr\/wp-content\/uploads\/2013\/02\/15-IMG_1730-700x466.jpg 700w, http:\/\/rivobruenti.fr\/wp-content\/uploads\/2013\/02\/15-IMG_1730-332x221.jpg 332w, http:\/\/rivobruenti.fr\/wp-content\/uploads\/2013\/02\/15-IMG_1730.jpg 1134w\" sizes=\"auto, (max-width: 300px) 100vw, 300px\" \/><\/a><\/p>\n<p>Ou au soleil \u00ab\u00a0en terrasse\u00a0\u00bb !<\/p>\n<p><a href=\"http:\/\/rivobruenti.fr\/wp-content\/uploads\/2013\/02\/16-IMG_15712.jpg\"><img loading=\"lazy\" decoding=\"async\" class=\"alignnone size-medium wp-image-142\" src=\"http:\/\/rivobruenti.fr\/wp-content\/uploads\/2013\/02\/16-IMG_15712-300x199.jpg\" alt=\"16-IMG_1571\" width=\"300\" height=\"199\" srcset=\"http:\/\/rivobruenti.fr\/wp-content\/uploads\/2013\/02\/16-IMG_15712-300x199.jpg 300w, http:\/\/rivobruenti.fr\/wp-content\/uploads\/2013\/02\/16-IMG_15712-1024x679.jpg 1024w, http:\/\/rivobruenti.fr\/wp-content\/uploads\/2013\/02\/16-IMG_15712-700x464.jpg 700w, http:\/\/rivobruenti.fr\/wp-content\/uploads\/2013\/02\/16-IMG_15712-332x220.jpg 332w, http:\/\/rivobruenti.fr\/wp-content\/uploads\/2013\/02\/16-IMG_15712.jpg 1134w\" sizes=\"auto, (max-width: 300px) 100vw, 300px\" \/><\/a><a href=\"http:\/\/rivobruenti.fr\/wp-content\/uploads\/2013\/02\/17-IMG_1572.jpg\"><img loading=\"lazy\" decoding=\"async\" class=\"alignnone wp-image-137\" src=\"http:\/\/rivobruenti.fr\/wp-content\/uploads\/2013\/02\/17-IMG_1572-300x185.jpg\" alt=\"17-IMG_1572\" width=\"310\" height=\"195\" \/><\/a><\/p>\n<p>Notre grande salle de r\u00e9ception am\u00e9nag\u00e9e dans la grange face au refuge nous permet d&rsquo;accueillir des groupes jusqu&rsquo;\u00e0 60 personnes :<\/p>\n<p><a href=\"http:\/\/rivobruenti.fr\/wp-content\/uploads\/2013\/02\/rifreception2.jpg\" rel=\"attachment wp-att-265\"><img loading=\"lazy\" decoding=\"async\" class=\"alignnone size-medium wp-image-265\" src=\"http:\/\/rivobruenti.fr\/wp-content\/uploads\/2013\/02\/rifreception2-300x200.jpg\" alt=\"rifreception2\" width=\"300\" height=\"200\" srcset=\"http:\/\/rivobruenti.fr\/wp-content\/uploads\/2013\/02\/rifreception2-300x200.jpg 300w, http:\/\/rivobruenti.fr\/wp-content\/uploads\/2013\/02\/rifreception2-768x511.jpg 768w, http:\/\/rivobruenti.fr\/wp-content\/uploads\/2013\/02\/rifreception2-1024x682.jpg 1024w, http:\/\/rivobruenti.fr\/wp-content\/uploads\/2013\/02\/rifreception2-700x466.jpg 700w, http:\/\/rivobruenti.fr\/wp-content\/uploads\/2013\/02\/rifreception2-332x221.jpg 332w, http:\/\/rivobruenti.fr\/wp-content\/uploads\/2013\/02\/rifreception2.jpg 1134w\" sizes=\"auto, (max-width: 300px) 100vw, 300px\" \/><\/a><a href=\"http:\/\/rivobruenti.fr\/wp-content\/uploads\/2013\/02\/rifreception.jpg\" rel=\"attachment wp-att-274\"><img loading=\"lazy\" decoding=\"async\" class=\"alignnone  wp-image-274\" src=\"http:\/\/rivobruenti.fr\/wp-content\/uploads\/2013\/02\/rifreception.jpg\" alt=\"rifreception\" width=\"270\" height=\"205\" \/><\/a><\/p>\n<p>Les voyageurs passant la nuit au refuge pourront prendre leur<strong> petit-d\u00e9jeuner<\/strong> sur place. Nous proposons aux h\u00f4tes de la yourte et de la cabane, si le temps le permet, de le leur servir directement sur place\u00a0au petit matin.<\/p>\n<h3>Pour toute r\u00e9servation: 06.17.96.62.97<\/h3>\n","protected":false},"excerpt":{"rendered":"<p>Sur r\u00e9servation, vous pourrez d\u00e9guster notre cuisine familiale et traditionnelle ainsi que nos produits locaux (terrine, p\u00e2t\u00e9, saucisson, fromage&#8230;) Deux formules au choix: Menu Carcaris : 20\u20ac Entr\u00e9e, saucisses maison et gratin dauphinois, fromage, dessert Menu Rivobruenti : 24\u20ac (r\u00e9servation minimum 1 semaine \u00e0 l&rsquo;avance) deux options possibles : Entr\u00e9e, &#8230;<\/p>\n","protected":false},"author":1,"featured_media":0,"parent":0,"menu_order":2,"comment_status":"closed","ping_status":"open","template":"","meta":{"footnotes":""},"class_list":["post-39","page","type-page","status-publish","hentry","column","twocol"],"_links":{"self":[{"href":"http:\/\/rivobruenti.fr\/index.php?rest_route=\/wp\/v2\/pages\/39","targetHints":{"allow":["GET"]}}],"collection":[{"href":"http:\/\/rivobruenti.fr\/index.php?rest_route=\/wp\/v2\/pages"}],"about":[{"href":"http:\/\/rivobruenti.fr\/index.php?rest_route=\/wp\/v2\/types\/page"}],"author":[{"embeddable":true,"href":"http:\/\/rivobruenti.fr\/index.php?rest_route=\/wp\/v2\/users\/1"}],"replies":[{"embeddable":true,"href":"http:\/\/rivobruenti.fr\/index.php?rest_route=%2Fwp%2Fv2%2Fcomments&post=39"}],"version-history":[{"count":17,"href":"http:\/\/rivobruenti.fr\/index.php?rest_route=\/wp\/v2\/pages\/39\/revisions"}],"predecessor-version":[{"id":307,"href":"http:\/\/rivobruenti.fr\/index.php?rest_route=\/wp\/v2\/pages\/39\/revisions\/307"}],"wp:attachment":[{"href":"http:\/\/rivobruenti.fr\/index.php?rest_route=%2Fwp%2Fv2%2Fmedia&parent=39"}],"curies":[{"name":"wp","href":"https:\/\/api.w.org\/{rel}","templated":true}]}}