{"id":70,"date":"2013-04-19T15:46:30","date_gmt":"2013-04-19T14:46:30","guid":{"rendered":"http:\/\/rivobruenti.fr\/?page_id=70"},"modified":"2014-08-18T12:23:41","modified_gmt":"2014-08-18T11:23:41","slug":"activites","status":"publish","type":"page","link":"http:\/\/rivobruenti.fr\/?page_id=70","title":{"rendered":"Activit\u00e9s"},"content":{"rendered":"<h2>Les Lacs de Rif Bruyant<\/h2>\n<p>Vous souhaitez prolonger votre p\u00e9riple? La vall\u00e9e vous offre la possibilit\u00e9 de d\u00e9couvrir un parcours incroyable et surprenant de beaut\u00e9: les Lacs de Rif Bruyant.<\/p>\n<p><a href=\"http:\/\/rivobruenti.fr\/wp-content\/uploads\/2013\/04\/lacsrif1.jpg\"><img loading=\"lazy\" decoding=\"async\" class=\"alignnone size-medium wp-image-73\" src=\"http:\/\/rivobruenti.fr\/wp-content\/uploads\/2013\/04\/lacsrif1-300x226.jpg\" alt=\"lacsrif1\" width=\"300\" height=\"226\" srcset=\"http:\/\/rivobruenti.fr\/wp-content\/uploads\/2013\/04\/lacsrif1-300x226.jpg 300w, http:\/\/rivobruenti.fr\/wp-content\/uploads\/2013\/04\/lacsrif1-332x250.jpg 332w, http:\/\/rivobruenti.fr\/wp-content\/uploads\/2013\/04\/lacsrif1.jpg 500w\" sizes=\"auto, (max-width: 300px) 100vw, 300px\" \/><\/a><\/p>\n<p>En empruntant le sentier qui continue derri\u00e8re le refuge, vous arriverez \u00e0 la cabane foresti\u00e8re ONF apr\u00e8s avoir travers\u00e9 clairi\u00e8res et for\u00eats (environ <span style=\"font-weight: 600;\">30<\/span>\u00a0minutes). La suite du parcours forme une boucle: en prenant \u00e0 gauche, vous continuerez sur un chemin longeant corniches et balcons pour arriver aux Lacs de Rif Bruyant, de v\u00e9ritables merveilles nich\u00e9es au fond d&rsquo;un cirque magnifique. En empruntant les lacets pour le chemin du retour, vous parviendrez au Collet du Lac qui vous offrira une vue imprenable sur ce paysage paradisiaque. Il vous faudra compter <span style=\"font-weight: 600;\">3<\/span>\u00a0heures pour faire la boucle depuis le refuge.<\/p>\n<h2>Les grottes \u00e0 fromage<\/h2>\n<p><a href=\"http:\/\/rivobruenti.fr\/wp-content\/uploads\/2013\/04\/grottes.jpg\"><img loading=\"lazy\" decoding=\"async\" class=\"alignnone size-medium wp-image-109\" src=\"http:\/\/rivobruenti.fr\/wp-content\/uploads\/2013\/04\/grottes-300x225.jpg\" alt=\"grottes\" width=\"300\" height=\"225\" srcset=\"http:\/\/rivobruenti.fr\/wp-content\/uploads\/2013\/04\/grottes-300x225.jpg 300w, http:\/\/rivobruenti.fr\/wp-content\/uploads\/2013\/04\/grottes-1024x768.jpg 1024w, http:\/\/rivobruenti.fr\/wp-content\/uploads\/2013\/04\/grottes-700x525.jpg 700w, http:\/\/rivobruenti.fr\/wp-content\/uploads\/2013\/04\/grottes-332x249.jpg 332w\" sizes=\"auto, (max-width: 300px) 100vw, 300px\" \/><\/a><a href=\"http:\/\/rivobruenti.fr\/wp-content\/uploads\/2013\/04\/fromages1.jpg\"><img loading=\"lazy\" decoding=\"async\" class=\"alignnone size-medium wp-image-115\" src=\"http:\/\/rivobruenti.fr\/wp-content\/uploads\/2013\/04\/fromages1-300x225.jpg\" alt=\"fromages\" width=\"300\" height=\"225\" srcset=\"http:\/\/rivobruenti.fr\/wp-content\/uploads\/2013\/04\/fromages1-300x225.jpg 300w, http:\/\/rivobruenti.fr\/wp-content\/uploads\/2013\/04\/fromages1-700x525.jpg 700w, http:\/\/rivobruenti.fr\/wp-content\/uploads\/2013\/04\/fromages1-332x249.jpg 332w, http:\/\/rivobruenti.fr\/wp-content\/uploads\/2013\/04\/fromages1.jpg 850w\" sizes=\"auto, (max-width: 300px) 100vw, 300px\" \/><\/a><\/p>\n<p>\u00c0 quelques pas du refuge, \u00e0 l&rsquo;or\u00e9e du bois, les grottes \u00e0 fromage de Rif Bruyant ont rendu c\u00e9l\u00e8bre le Bleu de Lavaldens: stock\u00e9 dans une caisse de pin, ce fromage de lait de vache et de ch\u00e8vre tenait sa particularit\u00e9 de son affinage dans ces vieilles caves o\u00f9 la temp\u00e9rature n&rsquo;exc\u00e8de pas 6 degr\u00e9s m\u00eame l&rsquo;\u00e9t\u00e9. Cette sp\u00e9cialit\u00e9 est vou\u00e9e \u00e0 dispara\u00eetre mais, depuis peu, nous aspirons \u00e0 perp\u00e9tuer la tradition en remettant \u00e0 l&rsquo;affinage quelques fromages faits localement. Quant aux grottes, elles sont toujours l\u00e0 pour t\u00e9moigner de l&rsquo;harmonie entre la montagne et l&rsquo;homme d&rsquo;autrefois. Venez les d\u00e9couvrir, vous serez conquis par leur \u00ab\u00a0fra\u00eecheur\u00a0\u00bb!<\/p>\n<h2>Randonnez avec un \u00e2ne!<\/h2>\n<p><a href=\"http:\/\/rivobruenti.fr\/wp-content\/uploads\/2013\/04\/IMG_15653.jpg\"><img loading=\"lazy\" decoding=\"async\" class=\"alignnone size-medium wp-image-81\" src=\"http:\/\/rivobruenti.fr\/wp-content\/uploads\/2013\/04\/IMG_15653-300x200.jpg\" alt=\"IMG_1565\" width=\"300\" height=\"200\" srcset=\"http:\/\/rivobruenti.fr\/wp-content\/uploads\/2013\/04\/IMG_15653-300x200.jpg 300w, http:\/\/rivobruenti.fr\/wp-content\/uploads\/2013\/04\/IMG_15653-1024x682.jpg 1024w, http:\/\/rivobruenti.fr\/wp-content\/uploads\/2013\/04\/IMG_15653-700x466.jpg 700w, http:\/\/rivobruenti.fr\/wp-content\/uploads\/2013\/04\/IMG_15653-332x221.jpg 332w, http:\/\/rivobruenti.fr\/wp-content\/uploads\/2013\/04\/IMG_15653.jpg 1134w\" sizes=\"auto, (max-width: 300px) 100vw, 300px\" \/><\/a><\/p>\n<p>Vous souhaitez donner un caract\u00e8re insolite \u00e0 votre s\u00e9jour et offrir un souvenir inoubliable \u00e0 vos enfants? Lou Pa de L&rsquo;Aze vous popose de louer un \u00e2ne et le refuge de Rif Bruyant vous accueille, vous et votre compagnon de route, le temps d&rsquo;une \u00e9tape de votre parcours. Toutes les infos sur leur site: <a href=\"http:\/\/www.loupadelaze.com\">loupadelaze.com<\/a><\/p>\n<p>&nbsp;<\/p>\n<p>&nbsp;<\/p>\n","protected":false},"excerpt":{"rendered":"<p>Les Lacs de Rif Bruyant Vous souhaitez prolonger votre p\u00e9riple? La vall\u00e9e vous offre la possibilit\u00e9 de d\u00e9couvrir un parcours incroyable et surprenant de beaut\u00e9: les Lacs de Rif Bruyant. En empruntant le sentier qui continue derri\u00e8re le refuge, vous arriverez \u00e0 la cabane foresti\u00e8re ONF apr\u00e8s avoir travers\u00e9 clairi\u00e8res &#8230;<\/p>\n","protected":false},"author":1,"featured_media":0,"parent":0,"menu_order":4,"comment_status":"closed","ping_status":"open","template":"","meta":{"footnotes":""},"class_list":["post-70","page","type-page","status-publish","hentry","column","twocol"],"_links":{"self":[{"href":"http:\/\/rivobruenti.fr\/index.php?rest_route=\/wp\/v2\/pages\/70","targetHints":{"allow":["GET"]}}],"collection":[{"href":"http:\/\/rivobruenti.fr\/index.php?rest_route=\/wp\/v2\/pages"}],"about":[{"href":"http:\/\/rivobruenti.fr\/index.php?rest_route=\/wp\/v2\/types\/page"}],"author":[{"embeddable":true,"href":"http:\/\/rivobruenti.fr\/index.php?rest_route=\/wp\/v2\/users\/1"}],"replies":[{"embeddable":true,"href":"http:\/\/rivobruenti.fr\/index.php?rest_route=%2Fwp%2Fv2%2Fcomments&post=70"}],"version-history":[{"count":14,"href":"http:\/\/rivobruenti.fr\/index.php?rest_route=\/wp\/v2\/pages\/70\/revisions"}],"predecessor-version":[{"id":250,"href":"http:\/\/rivobruenti.fr\/index.php?rest_route=\/wp\/v2\/pages\/70\/revisions\/250"}],"wp:attachment":[{"href":"http:\/\/rivobruenti.fr\/index.php?rest_route=%2Fwp%2Fv2%2Fmedia&parent=70"}],"curies":[{"name":"wp","href":"https:\/\/api.w.org\/{rel}","templated":true}]}}